{"id":134,"date":"2026-04-03T18:33:15","date_gmt":"2026-04-03T18:33:15","guid":{"rendered":"https:\/\/bcurious.life\/fr\/?page_id=134"},"modified":"2026-04-03T18:46:16","modified_gmt":"2026-04-03T18:46:16","slug":"conditions-generales","status":"publish","type":"page","link":"https:\/\/bcurious.life\/fr\/conditions-generales\/","title":{"rendered":"Conditions g\u00e9n\u00e9rales"},"content":{"rendered":"<div class=\"wpb-content-wrapper\"><p>[vc_row][vc_column][vc_column_text css=&#8221;&#8221;]<\/p>\n<h4><strong>BCurious Ltd \u2013 bcurious.life<\/strong><\/h4>\n<ol>\n<li><strong> Pr\u00e9sentation<br \/>\n<\/strong>BCurious Ltd propose des ateliers, des demo sessions, de la supervision et du coaching pour les psychoth\u00e9rapeutes et les praticien\u00b7nes. En utilisant ce site ou en r\u00e9servant un service, vous acceptez les pr\u00e9sentes conditions.<\/li>\n<li><strong> R\u00e9servations et paiements<br \/>\n<\/strong>Toute r\u00e9servation est confirm\u00e9e \u00e0 r\u00e9ception du paiement, sauf accord contraire.Les paiements sont trait\u00e9s de mani\u00e8re s\u00e9curis\u00e9e via <strong>Stripe<\/strong>. BCurious ne stocke pas vos donn\u00e9es de paiement.<\/li>\n<li><strong> Annulations<br \/>\n<\/strong>En cas d\u2019annulation, merci de nous contacter d\u00e8s que possible.<\/p>\n<p>+ Plus de 30 jours avant : remboursement complet<br \/>\n+ Moins de 30 jours : le remboursement n\u2019est pas garanti<br \/>\nBCurious se r\u00e9serve le droit de reporter ou d\u2019annuler un \u00e9v\u00e9nement. Dans ce cas, un remboursement complet ou une date alternative sera propos\u00e9.<\/li>\n<li><strong> Participation<br \/>\n<\/strong>Les services propos\u00e9s par BCurious s\u2019inscrivent dans un cadre de d\u00e9veloppement professionnel et ne remplacent pas une th\u00e9rapie ou un suivi m\u00e9dical.Chaque participant\u00b7e est responsable de son propre bien-\u00eatre et de son engagement.<\/li>\n<li><strong> Confidentialit\u00e9<br \/>\n<\/strong>Les participant\u00b7es s\u2019engagent \u00e0 respecter la confidentialit\u00e9 des \u00e9changes au sein des groupes.<\/li>\n<li><strong> Propri\u00e9t\u00e9 intellectuelle<br \/>\n<\/strong>L\u2019ensemble des contenus et supports reste la propri\u00e9t\u00e9 de BCurious Ltd et ne peut \u00eatre partag\u00e9 ou reproduit sans autorisation.<\/li>\n<li><strong> Responsabilit\u00e9<br \/>\n<\/strong>BCurious Ltd ne pourra \u00eatre tenu responsable de tout dommage ou pr\u00e9judice li\u00e9 \u00e0 la participation aux services ou \u00e0 l\u2019utilisation du site.<\/li>\n<li><strong> Contact<br \/>\n<\/strong>Pour toute question, merci de nous contacter via le site.<\/li>\n<\/ol>\n<p>[\/vc_column_text][\/vc_column][\/vc_row]<\/p>\n<\/div>","protected":false},"excerpt":{"rendered":"<p>[vc_row][vc_column][vc_column_text css=&#8221;&#8221;] BCurious Ltd \u2013 bcurious.life Pr\u00e9sentation BCurious Ltd propose des ateliers, des demo sessions, de la supervision et du coaching pour les psychoth\u00e9rapeutes et les praticien\u00b7nes. En utilisant ce site ou en r\u00e9servant un service, vous acceptez les pr\u00e9sentes conditions. R\u00e9servations et paiements Toute r\u00e9servation est confirm\u00e9e \u00e0 r\u00e9ception du paiement, sauf accord contraire.Les [&hellip;]<\/p>\n","protected":false},"author":2,"featured_media":0,"parent":0,"menu_order":0,"comment_status":"closed","ping_status":"open","template":"","meta":{"pagelayer_contact_templates":[],"_pagelayer_content":"","footnotes":""},"class_list":["post-134","page","type-page","status-publish","hentry"],"_links":{"self":[{"href":"https:\/\/bcurious.life\/fr\/wp-json\/wp\/v2\/pages\/134","targetHints":{"allow":["GET"]}}],"collection":[{"href":"https:\/\/bcurious.life\/fr\/wp-json\/wp\/v2\/pages"}],"about":[{"href":"https:\/\/bcurious.life\/fr\/wp-json\/wp\/v2\/types\/page"}],"author":[{"embeddable":true,"href":"https:\/\/bcurious.life\/fr\/wp-json\/wp\/v2\/users\/2"}],"replies":[{"embeddable":true,"href":"https:\/\/bcurious.life\/fr\/wp-json\/wp\/v2\/comments?post=134"}],"version-history":[{"count":9,"href":"https:\/\/bcurious.life\/fr\/wp-json\/wp\/v2\/pages\/134\/revisions"}],"predecessor-version":[{"id":146,"href":"https:\/\/bcurious.life\/fr\/wp-json\/wp\/v2\/pages\/134\/revisions\/146"}],"wp:attachment":[{"href":"https:\/\/bcurious.life\/fr\/wp-json\/wp\/v2\/media?parent=134"}],"curies":[{"name":"wp","href":"https:\/\/api.w.org\/{rel}","templated":true}]}}