{"id":19,"date":"2026-04-01T13:51:08","date_gmt":"2026-04-01T13:51:08","guid":{"rendered":"https:\/\/bcurious.life\/fr\/?page_id=19"},"modified":"2026-04-01T22:20:42","modified_gmt":"2026-04-01T22:20:42","slug":"home","status":"publish","type":"page","link":"https:\/\/bcurious.life\/fr\/","title":{"rendered":"Accueil"},"content":{"rendered":"<div class=\"wpb-content-wrapper\"><p>[vc_row][vc_column css=&#8221;.vc_custom_1774966550815{padding-top: 250px !important;padding-right: 150px !important;padding-bottom: 100px !important;padding-left: 150px !important;background-image: url(https:\/\/bcurious.life\/wp-content\/uploads\/2026\/03\/dmytro-yarish-sKYUe5cboxw-unsplash-scaled.jpg?id=14803) !important;background-position: center !important;background-repeat: no-repeat !important;background-size: cover !important;}&#8221;]<div class=\"banner_one \"><div class=\"event_icon\"><img decoding=\"async\" src=\"https:\/\/bcurious.life\/fr\/wp-content\/uploads\/2026\/04\/noBgBlack_120x70.png\" alt=\"L\u00e0 o\u00f9 la curiosit\u00e9 et la pr\u00e9sence se rencontrent, un chez-soi int\u00e9rieur se r\u00e9v\u00e8le.\" \/><\/div><h1 class=\"title\">L\u00e0 o\u00f9 la curiosit\u00e9 et la pr\u00e9sence se rencontrent, un chez-soi int\u00e9rieur se r\u00e9v\u00e8le.<\/h1><h2 class=\"desc\">BCurious Ltd - Barbara van Pevenage<\/h2><\/div>[\/vc_column][\/vc_row][vc_row display_container=&#8221;true&#8221; css=&#8221;.vc_custom_1554364291291{margin-top: 85px !important;margin-bottom: 5px !important;}&#8221;][vc_column]<div class=\"ova_heading_v4 text-center\"><div class=\"sub_title\">BCurious est un espace collaboratif pour les psychoth\u00e9rapeutes et les praticien\u00b7nes curieux\u00b7ses, proposant un apprentissage exp\u00e9rientiel \u00e0 travers des formations, des demo sessions et du coaching.  Un espace pour approfondir la pr\u00e9sence, affiner la conscience relationnelle et int\u00e9grer l\u2019apprentissage dans la pratique v\u00e9cue.<\/div><\/div>[\/vc_column][\/vc_row][vc_row display_container=&#8221;true&#8221; css=&#8221;.vc_custom_1554364291291{margin-top: 85px !important;margin-bottom: 5px !important;}&#8221;][vc_column]<div class=\"ova_heading_v3 \"><span class=\"one\"><\/span><span class=\"two\"><\/span><span class=\"three\"><\/span><span class=\"four\"><\/span><span class=\"five\"><\/span><span class=\"six\"><\/span><h3 class=\"title\">\u00c9v\u00e9nements<\/h3><\/div>[\/vc_column][vc_column css=&#8221;.vc_custom_1554365111430{padding-right: 15px !important;padding-left: 15px !important;}&#8221; el_class=&#8221;padding_col_mobile&#8221;]<div class=\"ovaem_events_filter make_top padding_col_mobile\" data-order=\"ASC\"><div class=\"row\"><div class=\"events_filter_show_nav\"><div class=\"select_cat_mobile_btn\"><div class=\"btn_filter ova-btn ova-btn-second-color\">Select Category<i class=\"arrow_carrot-down\"><\/i><\/div><ul class=\"clearfix ovaem_events_filter_nav style3\" data-tab_active =\"\">\n\t<li class=\"all current\"><a href=\"#\" class=\"ova-btn ova-btn-rad-30\" data-filter=\"*\">All<\/a><\/li><li class=\"atelier \"><a class=\"ova-btn ova-btn-rad-30\" href=\"#\" data-filter=\".atelier\">Atelier<\/a><\/li><li class=\"demo-sessions \"><a class=\"ova-btn ova-btn-rad-30\" href=\"#\" data-filter=\".demo-sessions\">D\u00e9mo sessions<\/a><\/li><li class=\"supervision \"><a class=\"ova-btn ova-btn-rad-30\" href=\"#\" data-filter=\".supervision\">Supervision<\/a><\/li><\/ul><\/div><\/div><div class=\"ovaem_events_filter_content\"><div class=\"col-md-4 col-sm-6 col-xs-6 ova-item isotope-item style3  atelier\"><p class=\"number\" style=\"display:none;\">1791504000<\/p><a href=\"https:\/\/bcurious.life\/fr\/event\/atelier_a_bruxelles_fr\/\"><div class=\"ova_thumbnail\">\n\n\t\t\t\t<img decoding=\"async\" alt=\"Atelier \u00e0 Bruxelles (FR)\" src=\"https:\/\/bcurious.life\/fr\/wp-content\/uploads\/2026\/04\/cosmin-serban-JAEog_jEAo0-unsplash-370x222.jpg\" srcset=\" https:\/\/bcurious.life\/fr\/wp-content\/uploads\/2026\/04\/cosmin-serban-JAEog_jEAo0-unsplash-370x222.jpg 370w, https:\/\/bcurious.life\/fr\/wp-content\/uploads\/2026\/04\/cosmin-serban-JAEog_jEAo0-unsplash-640x384.jpg 640w\" sizes=\"(max-width: 640px) 100vw, 370px\" \/><div class=\"date\"><span class=\"month\">October 9, 2026<\/span><\/div><div class=\"time\"><span class=\"price\"><span>\u20ac395<\/span><\/span><\/div><\/div><\/a><div class=\"wrap_content\"><h2 class=\"title\"><a href=\"https:\/\/bcurious.life\/fr\/event\/atelier_a_bruxelles_fr\/\">Atelier \u00e0 Bruxelles (FR)<\/a><\/h2><div class=\"except\">Heartfulness dans la salle de th\u00e9rapie (FR) L&#8217;art de poser des questions : rester pr\u00e9sent, cur...<\/div><div class=\"more_detail\"><a class=\"btn_link\" href=\"https:\/\/bcurious.life\/fr\/event\/atelier_a_bruxelles_fr\/\">S'inscrire<i class=\"arrow_right\"><\/i><\/a><\/div><\/div><\/div><div class=\"col-md-4 col-sm-6 col-xs-6 ova-item isotope-item style3  atelier\"><p class=\"number\" style=\"display:none;\">1793318400<\/p><a href=\"https:\/\/bcurious.life\/fr\/event\/atelier-en-roumanie-en-ro\/\"><div class=\"ova_thumbnail\">\n\n\t\t\t\t<img decoding=\"async\" alt=\"Atelier en Roumanie (EN\/RO)\" src=\"https:\/\/bcurious.life\/fr\/wp-content\/uploads\/2026\/04\/christina-kirschnerova-HtQIWpCC0Ls-unsplash-370x222.jpg\" srcset=\" https:\/\/bcurious.life\/fr\/wp-content\/uploads\/2026\/04\/christina-kirschnerova-HtQIWpCC0Ls-unsplash-370x222.jpg 370w, https:\/\/bcurious.life\/fr\/wp-content\/uploads\/2026\/04\/christina-kirschnerova-HtQIWpCC0Ls-unsplash-640x384.jpg 640w\" sizes=\"(max-width: 640px) 100vw, 370px\" \/><div class=\"date\"><span class=\"month\">October 30, 2026<\/span><\/div><div class=\"time\"><span class=\"price\"><span>\u20acTBC<\/span><\/span><\/div><\/div><\/a><div class=\"wrap_content\"><h2 class=\"title\"><a href=\"https:\/\/bcurious.life\/fr\/event\/atelier-en-roumanie-en-ro\/\">Atelier en Roumanie (EN\/RO)<\/a><\/h2><div class=\"except\">Intuition th\u00e9rapeutique et connexion : explorer et affiner sa pr\u00e9sence relationnelle Cet atelier pro...<\/div><div class=\"more_detail\"><a class=\"btn_link\" href=\"https:\/\/bcurious.life\/fr\/event\/atelier-en-roumanie-en-ro\/\">S'inscrire<i class=\"arrow_right\"><\/i><\/a><\/div><\/div><\/div><div class=\"mobile_row\"><\/div><div class=\"col-md-4 col-sm-6 col-xs-6 ova-item isotope-item style3  atelier\"><p class=\"number\" style=\"display:none;\">1795046400<\/p><a href=\"https:\/\/bcurious.life\/fr\/event\/atelier-a-paris-fr\/\"><div class=\"ova_thumbnail\">\n\n\t\t\t\t<img decoding=\"async\" alt=\"Atelier \u00e0 Paris (FR)\" src=\"https:\/\/bcurious.life\/fr\/wp-content\/uploads\/2026\/04\/anthony-delanoix-QAwciFlS1g4-unsplash-370x222.jpg\" srcset=\" https:\/\/bcurious.life\/fr\/wp-content\/uploads\/2026\/04\/anthony-delanoix-QAwciFlS1g4-unsplash-370x222.jpg 370w, https:\/\/bcurious.life\/fr\/wp-content\/uploads\/2026\/04\/anthony-delanoix-QAwciFlS1g4-unsplash-640x384.jpg 640w\" sizes=\"(max-width: 640px) 100vw, 370px\" \/><div class=\"date\"><span class=\"month\">November 19, 2026<\/span><\/div><div class=\"time\"><span class=\"price\"><span>\u20ac395<\/span><\/span><\/div><\/div><\/a><div class=\"wrap_content\"><h2 class=\"title\"><a href=\"https:\/\/bcurious.life\/fr\/event\/atelier-a-paris-fr\/\">Atelier \u00e0 Paris (FR)<\/a><\/h2><div class=\"except\">L\u2019atelier \u00e0 Paris s\u2019appuie sur les fondamentaux de la pr\u00e9sence, de la connexion et de la pr\u00e9sence du...<\/div><div class=\"more_detail\"><a class=\"btn_link\" href=\"https:\/\/bcurious.life\/fr\/event\/atelier-a-paris-fr\/\">S'inscrire<i class=\"arrow_right\"><\/i><\/a><\/div><\/div><\/div><div class=\"row\"><\/div><div class=\"col-md-4 col-sm-6 col-xs-6 ova-item isotope-item style3  demo-sessions\"><p class=\"number\" style=\"display:none;\">1780444800<\/p><a href=\"https:\/\/bcurious.life\/fr\/event\/june-demo-session-fr\/\"><div class=\"ova_thumbnail\">\n\n\t\t\t\t<img decoding=\"async\" alt=\"Demo Session Juin 2026(FR)\" src=\"https:\/\/bcurious.life\/fr\/wp-content\/uploads\/2026\/04\/allgo-an-app-for-plus-size-people-dQqMIxgFvx4-unsplash-370x222.jpg\" srcset=\" https:\/\/bcurious.life\/fr\/wp-content\/uploads\/2026\/04\/allgo-an-app-for-plus-size-people-dQqMIxgFvx4-unsplash-370x222.jpg 370w, https:\/\/bcurious.life\/fr\/wp-content\/uploads\/2026\/04\/allgo-an-app-for-plus-size-people-dQqMIxgFvx4-unsplash-640x384.jpg 640w\" sizes=\"(max-width: 640px) 100vw, 370px\" \/><div class=\"date\"><span class=\"month\">June 3, 2026<\/span><\/div><div class=\"time\"><span class=\"price\"><span>\u20ac60<\/span><\/span><\/div><\/div><\/a><div class=\"wrap_content\"><h2 class=\"title\"><a href=\"https:\/\/bcurious.life\/fr\/event\/june-demo-session-fr\/\">Demo Session Juin 2026(FR)<\/a><\/h2><div class=\"except\">Demo Session : apprendre depuis la place du th\u00e9rapeute Cette Demo Session en ligne, en direct, s\u2019adr...<\/div><div class=\"more_detail\"><a class=\"btn_link\" href=\"https:\/\/bcurious.life\/fr\/event\/june-demo-session-fr\/\">S'inscrire<i class=\"arrow_right\"><\/i><\/a><\/div><\/div><\/div><div class=\"mobile_row\"><\/div><div class=\"col-md-4 col-sm-6 col-xs-6 ova-item isotope-item style3  demo-sessions\"><p class=\"number\" style=\"display:none;\">1788739200<\/p><a href=\"https:\/\/bcurious.life\/fr\/event\/demo-session-septembre-2026-fr\/\"><div class=\"ova_thumbnail\">\n\n\t\t\t\t<img decoding=\"async\" alt=\"Demo Session Septembre 2026(FR)\" src=\"https:\/\/bcurious.life\/fr\/wp-content\/uploads\/2026\/04\/allgo-an-app-for-plus-size-people-dQqMIxgFvx4-unsplash-370x222.jpg\" srcset=\" https:\/\/bcurious.life\/fr\/wp-content\/uploads\/2026\/04\/allgo-an-app-for-plus-size-people-dQqMIxgFvx4-unsplash-370x222.jpg 370w, https:\/\/bcurious.life\/fr\/wp-content\/uploads\/2026\/04\/allgo-an-app-for-plus-size-people-dQqMIxgFvx4-unsplash-640x384.jpg 640w\" sizes=\"(max-width: 640px) 100vw, 370px\" \/><div class=\"date\"><span class=\"month\">September 7, 2026<\/span><\/div><\/div><\/a><div class=\"wrap_content\"><h2 class=\"title\"><a href=\"https:\/\/bcurious.life\/fr\/event\/demo-session-septembre-2026-fr\/\">Demo Session Septembre 2026(FR)<\/a><\/h2><div class=\"except\">Demo Session : apprendre depuis la place du th\u00e9rapeute Cette Demo Session en ligne, en direct, s\u2019adr...<\/div><\/div><\/div><div class=\"col-md-4 col-sm-6 col-xs-6 ova-item isotope-item style3  supervision\"><p class=\"number\" style=\"display:none;\">1777939200<\/p><a href=\"https:\/\/bcurious.life\/fr\/event\/supervision-de-groupe-mai-2026fr\/\"><div class=\"ova_thumbnail\">\n\n\t\t\t\t<img decoding=\"async\" alt=\"Supervision de groupe Mai 2026(FR)\" src=\"https:\/\/bcurious.life\/fr\/wp-content\/uploads\/2026\/04\/martin-sanchez-MD6E2Sv__iA-unsplash-370x222.jpg\" srcset=\" https:\/\/bcurious.life\/fr\/wp-content\/uploads\/2026\/04\/martin-sanchez-MD6E2Sv__iA-unsplash-370x222.jpg 370w, https:\/\/bcurious.life\/fr\/wp-content\/uploads\/2026\/04\/martin-sanchez-MD6E2Sv__iA-unsplash-640x384.jpg 640w\" sizes=\"(max-width: 640px) 100vw, 370px\" \/><div class=\"date\"><span class=\"month\">May 5, 2026<\/span><\/div><div class=\"time\"><span class=\"price\"><span>\u20ac60<\/span><\/span><\/div><\/div><\/a><div class=\"wrap_content\"><h2 class=\"title\"><a href=\"https:\/\/bcurious.life\/fr\/event\/supervision-de-groupe-mai-2026fr\/\">Supervision de groupe Mai 2026(FR)<\/a><\/h2><div class=\"except\">Supervision de groupe Un espace pour explorer votre pratique, affiner votre pr\u00e9sence et soutenir vot...<\/div><div class=\"more_detail\"><a class=\"btn_link\" href=\"https:\/\/bcurious.life\/fr\/event\/supervision-de-groupe-mai-2026fr\/\">S'inscrire<i class=\"arrow_right\"><\/i><\/a><\/div><\/div><\/div><div class=\"mobile_row\"><\/div><div class=\"row\"><\/div><\/div><\/div><\/div>[\/vc_column][\/vc_row]<\/p>\n<\/div>","protected":false},"excerpt":{"rendered":"<p>[vc_row][vc_column css=&#8221;.vc_custom_1774966550815{padding-top: 250px !important;padding-right: 150px !important;padding-bottom: 100px !important;padding-left: 150px !important;background-image: url(https:\/\/bcurious.life\/wp-content\/uploads\/2026\/03\/dmytro-yarish-sKYUe5cboxw-unsplash-scaled.jpg?id=14803) !important;background-position: center !important;background-repeat: no-repeat !important;background-size: cover !important;}&#8221;][\/vc_column][\/vc_row][vc_row display_container=&#8221;true&#8221; css=&#8221;.vc_custom_1554364291291{margin-top: 85px !important;margin-bottom: 5px !important;}&#8221;][vc_column][\/vc_column][\/vc_row][vc_row display_container=&#8221;true&#8221; css=&#8221;.vc_custom_1554364291291{margin-top: 85px !important;margin-bottom: 5px !important;}&#8221;][vc_column][\/vc_column][vc_column css=&#8221;.vc_custom_1554365111430{padding-right: 15px !important;padding-left: 15px !important;}&#8221; el_class=&#8221;padding_col_mobile&#8221;][\/vc_column][\/vc_row]<\/p>\n","protected":false},"author":1,"featured_media":0,"parent":0,"menu_order":0,"comment_status":"closed","ping_status":"closed","template":"","meta":{"pagelayer_contact_templates":[],"_pagelayer_content":"","footnotes":""},"class_list":["post-19","page","type-page","status-publish","hentry"],"_links":{"self":[{"href":"https:\/\/bcurious.life\/fr\/wp-json\/wp\/v2\/pages\/19","targetHints":{"allow":["GET"]}}],"collection":[{"href":"https:\/\/bcurious.life\/fr\/wp-json\/wp\/v2\/pages"}],"about":[{"href":"https:\/\/bcurious.life\/fr\/wp-json\/wp\/v2\/types\/page"}],"author":[{"embeddable":true,"href":"https:\/\/bcurious.life\/fr\/wp-json\/wp\/v2\/users\/1"}],"replies":[{"embeddable":true,"href":"https:\/\/bcurious.life\/fr\/wp-json\/wp\/v2\/comments?post=19"}],"version-history":[{"count":14,"href":"https:\/\/bcurious.life\/fr\/wp-json\/wp\/v2\/pages\/19\/revisions"}],"predecessor-version":[{"id":113,"href":"https:\/\/bcurious.life\/fr\/wp-json\/wp\/v2\/pages\/19\/revisions\/113"}],"wp:attachment":[{"href":"https:\/\/bcurious.life\/fr\/wp-json\/wp\/v2\/media?parent=19"}],"curies":[{"name":"wp","href":"https:\/\/api.w.org\/{rel}","templated":true}]}}