{"id":20,"date":"2026-04-01T13:51:08","date_gmt":"2026-04-01T13:51:08","guid":{"rendered":"https:\/\/bcurious.life\/fr\/?page_id=20"},"modified":"2026-04-01T16:43:05","modified_gmt":"2026-04-01T16:43:05","slug":"a_propos","status":"publish","type":"page","link":"https:\/\/bcurious.life\/fr\/a_propos\/","title":{"rendered":"\u00c0 propos"},"content":{"rendered":"<div class=\"wpb-content-wrapper\"><p>[vc_row][vc_column][vc_column_text css=&#8221;&#8221;]<\/p>\n<p class=\"p1\">BCurious est un espace collaboratif cr\u00e9\u00e9 par Barbara Pawson, avec le soutien de Mel Cheng, qui r\u00e9unit formation th\u00e9rapeutique, apprentissage \u00e0 partir de d\u00e9monstrations et coaching de vie, ancr\u00e9s dans une \u00e9coute active.<\/p>\n<p class=\"p1\">Con\u00e7u pour les psychoth\u00e9rapeutes et les praticien\u00b7nes curieux\u00b7ses, BCurious propose des espaces exp\u00e9rientiels qui font le lien entre la th\u00e9orie et la pratique, soutenant une pr\u00e9sence plus profonde, une conscience relationnelle affin\u00e9e et le d\u00e9veloppement professionnel.<\/p>\n<p class=\"p1\">En croisant l\u2019expertise de Barbara en psychoth\u00e9rapie et les comp\u00e9tences de Mel en coaching et en facilitation, BCurious offre un environnement vivant et dynamique, o\u00f9 l\u2019apprentissage se vit, les comp\u00e9tences s\u2019incarnent et la curiosit\u00e9 ouvre le chemin.<\/p>\n<p>[\/vc_column_text][\/vc_column][\/vc_row][vc_row ova_bg_pattern=&#8221;rgba(36,43,70,0.9)&#8221;][vc_column width=&#8221;1\/3&#8243;][vc_single_image image=&#8221;58&#8243; img_size=&#8221;300&#215;300&#8243; style=&#8221;vc_box_shadow_border_circle_2&#8243; css=&#8221;&#8221;][\/vc_column][vc_column width=&#8221;2\/3&#8243;][vc_column_text css=&#8221;&#8221;]<\/p>\n<h5><\/h5>\n<h5><\/h5>\n<h5><\/h5>\n<p class=\"p1\">Barbara Van Pevenage (Pawson) est psychoth\u00e9rapeute avec plus de 30 ans d\u2019exp\u00e9rience dans le domaine des addictions et du traumatisme d\u00e9veloppemental. Elle accompagne en individuel et en couple, en proposant un espace ancr\u00e9 et relationnel o\u00f9 chacun peut s\u2019explorer en profondeur \u2014 incluant \u00e9galement un accompagnement en pr\u00e9paration et en int\u00e9gration d\u2019exp\u00e9riences psych\u00e9d\u00e9liques.<\/p>\n<p class=\"p1\">En parall\u00e8le de sa pratique clinique, elle soutient les professionnel\u00b7les \u00e0 travers la supervision, des ateliers et du coaching, en fran\u00e7ais et en anglais.<\/p>\n<p>[\/vc_column_text][\/vc_column][\/vc_row][vc_row ova_bg_pattern=&#8221;rgba(36,43,70,0.9)&#8221; css=&#8221;.vc_custom_1508147642626{padding-top: 60px !important;padding-bottom: 60px !important;}&#8221;][vc_column width=&#8221;1\/3&#8243; css=&#8221;.vc_custom_1508147955538{margin-bottom: 90px !important;}&#8221;][vc_single_image image=&#8221;57&#8243; img_size=&#8221;300&#215;300&#8243; style=&#8221;vc_box_shadow_border_circle_2&#8243; css=&#8221;&#8221;][\/vc_column][vc_column width=&#8221;2\/3&#8243;][vc_column_text css=&#8221;&#8221;]<\/p>\n<h5><\/h5>\n<h5><\/h5>\n<h5><\/h5>\n<p class=\"p1\">Mel Cheng est une coach et mentor dynamique, forte de plus de 20 ans d\u2019exp\u00e9rience internationale \u00e0 la t\u00eate d\u2019\u00e9quipes de cr\u00e9ation et de d\u00e9veloppement, et anim\u00e9e par une passion profonde pour accompagner chacun\u00b7e \u00e0 r\u00e9v\u00e9ler son potentiel.<\/p>\n<p class=\"p1\">\u00c0 travers le coaching en confiance en soi et le coaching de vie, Mel soutient les personnes \u00e0 sortir de leur zone de confort, \u00e0 relever des d\u00e9fis et \u00e0 r\u00e9aliser qu\u2019elles peuvent accomplir ce qu\u2019elles choisissent d\u2019entreprendre.<\/p>\n<p class=\"p1\">Son approche s\u2019appuie sur une exp\u00e9rience concr\u00e8te, des rep\u00e8res pratiques et une conviction profonde dans les ressources et les capacit\u00e9s inn\u00e9es de chacun.<\/p>\n<p>[\/vc_column_text][\/vc_column][\/vc_row]<\/p>\n<\/div>","protected":false},"excerpt":{"rendered":"<p>[vc_row][vc_column][vc_column_text css=&#8221;&#8221;] BCurious est un espace collaboratif cr\u00e9\u00e9 par Barbara Pawson, avec le soutien de Mel Cheng, qui r\u00e9unit formation th\u00e9rapeutique, apprentissage \u00e0 partir de d\u00e9monstrations et coaching de vie, ancr\u00e9s dans une \u00e9coute active. Con\u00e7u pour les psychoth\u00e9rapeutes et les praticien\u00b7nes curieux\u00b7ses, BCurious propose des espaces exp\u00e9rientiels qui font le lien entre la th\u00e9orie [&hellip;]<\/p>\n","protected":false},"author":1,"featured_media":0,"parent":0,"menu_order":0,"comment_status":"closed","ping_status":"closed","template":"","meta":{"pagelayer_contact_templates":[],"_pagelayer_content":"","footnotes":""},"class_list":["post-20","page","type-page","status-publish","hentry"],"_links":{"self":[{"href":"https:\/\/bcurious.life\/fr\/wp-json\/wp\/v2\/pages\/20","targetHints":{"allow":["GET"]}}],"collection":[{"href":"https:\/\/bcurious.life\/fr\/wp-json\/wp\/v2\/pages"}],"about":[{"href":"https:\/\/bcurious.life\/fr\/wp-json\/wp\/v2\/types\/page"}],"author":[{"embeddable":true,"href":"https:\/\/bcurious.life\/fr\/wp-json\/wp\/v2\/users\/1"}],"replies":[{"embeddable":true,"href":"https:\/\/bcurious.life\/fr\/wp-json\/wp\/v2\/comments?post=20"}],"version-history":[{"count":8,"href":"https:\/\/bcurious.life\/fr\/wp-json\/wp\/v2\/pages\/20\/revisions"}],"predecessor-version":[{"id":82,"href":"https:\/\/bcurious.life\/fr\/wp-json\/wp\/v2\/pages\/20\/revisions\/82"}],"wp:attachment":[{"href":"https:\/\/bcurious.life\/fr\/wp-json\/wp\/v2\/media?parent=20"}],"curies":[{"name":"wp","href":"https:\/\/api.w.org\/{rel}","templated":true}]}}