{"id":21,"date":"2026-04-01T13:51:08","date_gmt":"2026-04-01T13:51:08","guid":{"rendered":"https:\/\/bcurious.life\/fr\/?page_id=21"},"modified":"2026-04-01T17:54:38","modified_gmt":"2026-04-01T17:54:38","slug":"services","status":"publish","type":"page","link":"https:\/\/bcurious.life\/fr\/services\/","title":{"rendered":"Services"},"content":{"rendered":"<div class=\"wpb-content-wrapper\"><p>[vc_row][vc_column offset=&#8221;vc_col-lg-offset-2 vc_col-lg-8 vc_col-md-offset-2 vc_col-md-8&#8243; css=&#8221;.vc_custom_1774989728361{padding-top: 50px !important;padding-bottom: 50px !important;}&#8221;]<div class=\"ova_heading \"><h3 class=\"title\">Services<\/h3><\/div>[vc_empty_space height=&#8221;15px&#8221;][vc_column_text css=&#8221;&#8221;]<\/p>\n<h2>D\u00e9mo sessions<\/h2>\n<p class=\"p1\">Une exp\u00e9rience en ligne de deux heures, en direct, pour plonger au c\u0153ur du processus th\u00e9rapeutique. Vous observez une s\u00e9ance r\u00e9elle telle qu\u2019elle se d\u00e9ploie, au plus pr\u00e8s du travail clinique et des choix qui \u00e9mergent dans l\u2019instant.<\/p>\n<p class=\"p1\">Un temps d\u2019\u00e9change et de r\u00e9flexion guid\u00e9e suit la d\u00e9monstration, pour soutenir l\u2019int\u00e9gration et affiner votre compr\u00e9hension du travail relationnel, ancr\u00e9 dans la pr\u00e9sence et le lien, autour du traumatisme d\u00e9veloppemental.<\/p>\n<p><a href=\"https:\/\/bcurious.life\/fr\/categories\/demo-sessions\/\">Nos prochaines Demo Sessions<\/a>[\/vc_column_text][vc_separator color=&#8221;blue&#8221; css=&#8221;&#8221;][vc_column_text css=&#8221;&#8221;]<\/p>\n<h2>Ateliers<\/h2>\n<p class=\"p3\">Les ateliers BCurious s\u2019adressent aux praticien\u00b7nes qui souhaitent approfondir leur pr\u00e9sence, leur curiosit\u00e9 et leur qualit\u00e9 de lien dans l\u2019espace th\u00e9rapeutique.<\/p>\n<p class=\"p3\">\u00c0 travers diff\u00e9rentes th\u00e9matiques \u2014 pr\u00e9sence, exploration, profondeur relationnelle \u2014 chaque atelier propose un angle d\u2019approche pour soutenir une mani\u00e8re de travailler plus ancr\u00e9e, vivante et connect\u00e9e au c\u0153ur de la relation.<\/p>\n<p><a href=\"https:\/\/bcurious.life\/categories\/workshops\/\">Nos prochains ateliers<\/a>[\/vc_column_text][vc_separator color=&#8221;blue&#8221; css=&#8221;&#8221;][vc_column_text css=&#8221;&#8221;]<\/p>\n<p class=\"p1\"><b>Supervision de groupe<\/b><b><\/b><\/p>\n<p class=\"p3\">Chez BCurious, la supervision est un espace collaboratif o\u00f9 les th\u00e9rapeutes peuvent explorer la complexit\u00e9 de leur pratique. Ensemble, nous portons attention \u00e0 ce qui se d\u00e9ploie dans l\u2019instant \u2014 en suivant les mouvements de connexion, de d\u00e9connexion et d\u2019adaptation, tels qu\u2019ils se manifestent chez le\u00b7la client\u00b7e comme chez le\u00b7la th\u00e9rapeute.<\/p>\n<p class=\"p3\">L\u2019accent n\u2019est pas mis sur le fait de \u201ccorriger\u201d, mais sur l\u2019approfondissement de la conscience, l\u2019ouverture \u00e0 plus de choix, et l\u2019\u00e9mergence d\u2019une mani\u00e8re de travailler plus authentique.<\/p>\n<p class=\"p3\">Pour plus d\u2019informations, contactez-nous.<\/p>\n<p><a href=\"https:\/\/bcurious.life\/contact\/\">Nos prochains groupes de supervision.<\/a>[\/vc_column_text][vc_separator color=&#8221;blue&#8221; css=&#8221;&#8221;][vc_column_text css=&#8221;&#8221;]<b>Supervision individuelle<\/b><\/p>\n<p class=\"p3\">La supervision individuelle chez BCurious offre aux th\u00e9rapeutes un espace d\u00e9di\u00e9 pour explorer leur travail clinique en profondeur. \u00c0 votre rythme, nous restons au plus pr\u00e8s de ce qui se d\u00e9ploie dans vos s\u00e9ances, en portant attention \u00e0 l\u2019exp\u00e9rience dans l\u2019instant, aux dynamiques relationnelles et aux sch\u00e9mas qui fa\u00e7onnent votre pratique.<\/p>\n<p class=\"p3\">Dans une approche douce, inspir\u00e9e du NARM\u00ae, l\u2019accent est mis sur l\u2019approfondissement de la conscience, l\u2019ouverture \u00e0 plus de choix et l\u2019\u00e9mergence d\u2019une mani\u00e8re de travailler plus authentique et int\u00e9gr\u00e9e.<\/p>\n<p class=\"p3\">Pour plus d\u2019informations, contactez-nous.<\/p>\n<p><a href=\"https:\/\/bcurious.life\/contact\/\">Pour plus d\u2019informations, contactez-nous.<\/a>[\/vc_column_text][vc_separator color=&#8221;blue&#8221; css=&#8221;&#8221;][vc_column_text css=&#8221;&#8221;]<b>Actif coaching pour th\u00e9rapeutes<\/b><\/p>\n<p class=\"p3\">Ces groupes exp\u00e9rientiels en ligne, d\u2019une dur\u00e9e de deux heures, offrent aux praticien\u00b7nes un espace pour approfondir leur pr\u00e9sence et affiner leur pratique th\u00e9rapeutique.<\/p>\n<p class=\"p3\">Inspir\u00e9s par le NeuroAffective Relational Model (NARM\u00ae), ils soutiennent le d\u00e9veloppement de la connexion, de la curiosit\u00e9 et de la coh\u00e9rence \u00e0 travers des mises en pratique en direct et des temps de r\u00e9flexion partag\u00e9e, favorisant l\u2019int\u00e9gration dans la relation clinique.<\/p>\n<p><a href=\"https:\/\/bcurious.life\/contact\/\">Pour plus d\u2019informations, contactez-nous.<\/a>[\/vc_column_text][vc_separator color=&#8221;blue&#8221; css=&#8221;&#8221;][\/vc_column][\/vc_row]<\/p>\n<\/div>","protected":false},"excerpt":{"rendered":"<p>[vc_row][vc_column offset=&#8221;vc_col-lg-offset-2 vc_col-lg-8 vc_col-md-offset-2 vc_col-md-8&#8243; css=&#8221;.vc_custom_1774989728361{padding-top: 50px !important;padding-bottom: 50px !important;}&#8221;][vc_empty_space height=&#8221;15px&#8221;][vc_column_text css=&#8221;&#8221;] D\u00e9mo sessions Une exp\u00e9rience en ligne de deux heures, en direct, pour plonger au c\u0153ur du processus th\u00e9rapeutique. Vous observez une s\u00e9ance r\u00e9elle telle qu\u2019elle se d\u00e9ploie, au plus pr\u00e8s du travail clinique et des choix qui \u00e9mergent dans l\u2019instant. Un temps d\u2019\u00e9change [&hellip;]<\/p>\n","protected":false},"author":1,"featured_media":0,"parent":0,"menu_order":0,"comment_status":"closed","ping_status":"closed","template":"","meta":{"pagelayer_contact_templates":[],"_pagelayer_content":"","footnotes":""},"class_list":["post-21","page","type-page","status-publish","hentry"],"_links":{"self":[{"href":"https:\/\/bcurious.life\/fr\/wp-json\/wp\/v2\/pages\/21","targetHints":{"allow":["GET"]}}],"collection":[{"href":"https:\/\/bcurious.life\/fr\/wp-json\/wp\/v2\/pages"}],"about":[{"href":"https:\/\/bcurious.life\/fr\/wp-json\/wp\/v2\/types\/page"}],"author":[{"embeddable":true,"href":"https:\/\/bcurious.life\/fr\/wp-json\/wp\/v2\/users\/1"}],"replies":[{"embeddable":true,"href":"https:\/\/bcurious.life\/fr\/wp-json\/wp\/v2\/comments?post=21"}],"version-history":[{"count":8,"href":"https:\/\/bcurious.life\/fr\/wp-json\/wp\/v2\/pages\/21\/revisions"}],"predecessor-version":[{"id":95,"href":"https:\/\/bcurious.life\/fr\/wp-json\/wp\/v2\/pages\/21\/revisions\/95"}],"wp:attachment":[{"href":"https:\/\/bcurious.life\/fr\/wp-json\/wp\/v2\/media?parent=21"}],"curies":[{"name":"wp","href":"https:\/\/api.w.org\/{rel}","templated":true}]}}